{"id":35,"date":"2025-02-15T01:08:21","date_gmt":"2025-02-15T05:08:21","guid":{"rendered":"https:\/\/tonyalcarbon.com\/contact\/"},"modified":"2025-10-09T11:19:25","modified_gmt":"2025-10-09T15:19:25","slug":"contact","status":"publish","type":"page","link":"https:\/\/tonyalcarbon.com\/en\/contact\/","title":{"rendered":"Contact"},"content":{"rendered":"<h2><span style=\"caret-color: rgb(255, 0, 0); color: rgb(255, 0, 0); font-family: Anton; font-size: 65px;\">Contacto<\/span><br><\/h2>\n\n\n\n\nPara solicitar presupuesto, o enviar un mensaje, utiliza el siguiente formato:\n\n\n\n\n\n\n\n\n\nPreguntas Frecuentes\n\n\n\n\n\n<p>6 a 8 sandwiches<\/p>\n\n\n\n\n\n\n<p>Aceptamos pago m\u00f3vil, transferencia en bol\u00edvares, divisas, Zelle, Zinli, Mercantil Panam\u00e1<\/p>\n\n\n\n\n\n\n<p>Para encargos y pedidos, el pago es anticipado. &nbsp;Para los servicios de catering, ser\u00eda 50% abono al aprobar el presupuesto, y el saldo 48 horas antes del evento.<\/p>\n\n\n\n\n\n\n<p>Estamos en el Mun. El Hatillo, Caracas. &nbsp;<\/p>","protected":false},"excerpt":{"rendered":"","protected":false},"author":1,"featured_media":0,"parent":0,"menu_order":0,"comment_status":"closed","ping_status":"closed","template":"","meta":{"om_disable_all_campaigns":false,"pagelayer_contact_templates":[],"_pagelayer_content":"","footnotes":""},"class_list":["post-35","page","type-page","status-publish","hentry"],"_links":{"self":[{"href":"https:\/\/tonyalcarbon.com\/en\/wp-json\/wp\/v2\/pages\/35","targetHints":{"allow":["GET"]}}],"collection":[{"href":"https:\/\/tonyalcarbon.com\/en\/wp-json\/wp\/v2\/pages"}],"about":[{"href":"https:\/\/tonyalcarbon.com\/en\/wp-json\/wp\/v2\/types\/page"}],"author":[{"embeddable":true,"href":"https:\/\/tonyalcarbon.com\/en\/wp-json\/wp\/v2\/users\/1"}],"replies":[{"embeddable":true,"href":"https:\/\/tonyalcarbon.com\/en\/wp-json\/wp\/v2\/comments?post=35"}],"version-history":[{"count":5,"href":"https:\/\/tonyalcarbon.com\/en\/wp-json\/wp\/v2\/pages\/35\/revisions"}],"predecessor-version":[{"id":484,"href":"https:\/\/tonyalcarbon.com\/en\/wp-json\/wp\/v2\/pages\/35\/revisions\/484"}],"wp:attachment":[{"href":"https:\/\/tonyalcarbon.com\/en\/wp-json\/wp\/v2\/media?parent=35"}],"curies":[{"name":"wp","href":"https:\/\/api.w.org\/{rel}","templated":true}]}}